{"id":2,"date":"2016-05-10T03:48:21","date_gmt":"2016-05-10T03:48:21","guid":{"rendered":"http:\/\/hetcoachgesprek.nl\/?page_id=2"},"modified":"2023-02-09T19:52:13","modified_gmt":"2023-02-09T19:52:13","slug":"2-2","status":"publish","type":"page","link":"https:\/\/hetcoachgesprek.nl\/","title":{"rendered":""},"content":{"rendered":"\n<h5 class=\"wp-block-heading\">Wat voor soort coach ben ik?<\/h5>\n\n\n\n<p class=\"has-normal-font-size\">Ik coach op het snijvlak van &#8216;work&#8217;\/&#8217;life&#8217;. <br>Onderwerpen kunnen gaan over werk en priv\u00e9 situaties. Over werk, loopbaan, collega&#8217;s, samenwerken. Maar ook hoe priv\u00e9 situaties kunnen doorspelen in je werk. En hoe je werk meeneemt naar priv\u00e9.<\/p>\n\n\n\n<h5 class=\"wp-block-heading\">Een coachingsvraag<\/h5>\n\n\n\n<p class=\"has-normal-font-size\"><em>Heb jij een coachingsvraag over jouw persoonlijke ontwikkeling,\u00a0persoonlijke effectiviteit of een professionele uitdaging?\u00a0Wil je nieuw werk of een nieuwe beroepsrichting ontdekken.\u00a0Ben je leidinggevende en word je geconfronteerd met allerlei leiderschapsuitdagingen of draai je al heel wat jaren mee en vraag je je af of dit is wat het is&#8230;<\/em><\/p>\n\n\n\n<h5 class=\"wp-block-heading\">Het coachgesprek<\/h5>\n\n\n\n<p class=\"has-normal-font-size\">Ik luister, ik stel vragen, ik zet je op een ander been of ik nodig je uit er op een andere manier naar te kijken. Maar vooral wil ik je ruimte laten om antwoorden op jouw vragen te vinden of te ontdekken hoe communicatie en verbinding anders kan.<\/p>\n\n\n\n<p><\/p>\n\n\n\n<h5 class=\"wp-block-heading\">Wie komen bij mij?<\/h5>\n\n\n\n<div class=\"wp-block-columns is-layout-flex wp-container-core-columns-is-layout-9d6595d7 wp-block-columns-is-layout-flex\">\n<div class=\"wp-block-column is-layout-flow wp-block-column-is-layout-flow\">\n<p class=\"has-background\" style=\"background-color:#f6f6f2;font-size:15px\">Ik wil&#8230;<br>beter mijn grenzen bewaken<br>meer in actie komen<br>feedback geven en ontvangen<br>effectiever of fijner samenwerken met collega&#8217;s<br>meer zelfvertrouwen <br>mijn werk los kunnen laten<br>kunnen omgaan met kritiek<br>zichtbaarder zijn<br>beslissingen durven nemen en doortastender handelen<br>mijzelf minder in de weg zitten<br>leren dat goed ook goed genoeg is<\/p>\n<\/div>\n\n\n\n<div class=\"wp-block-column is-layout-flow wp-block-column-is-layout-flow\">\n<p class=\"has-background\" style=\"background-color:#f6f6f2;font-size:15px\">Of als leidinggevende wil ik&#8230;<br>meer taken delegeren<br>lastige gesprekken kunnen voeren<br>in bepaalde situaties de juiste toon weten te treffen<br>medewerkers inspireren en motiveren<br>bouwen aan goede relaties<br>mijn team op de juiste wijze aansturen<br>meer vertrouwen in mijn eigen kunnen<br><br><br><br><\/p>\n<\/div>\n<\/div>\n\n\n\n<p><\/p>\n","protected":false},"excerpt":{"rendered":"<p>Wat voor soort coach ben ik? Ik coach op het snijvlak van &#8216;work&#8217;\/&#8217;life&#8217;. Onderwerpen kunnen gaan over werk en priv\u00e9 situaties. Over werk, loopbaan, collega&#8217;s, samenwerken. Maar ook hoe priv\u00e9 situaties kunnen doorspelen in je werk. En hoe je werk meeneemt naar priv\u00e9. Een coachingsvraag Heb jij een coachingsvraag over jouw persoonlijke ontwikkeling,\u00a0persoonlijke effectiviteit of &hellip; <\/p>\n<p class=\"read-more\"><a class=\"readmore-btn\" href=\"https:\/\/hetcoachgesprek.nl\/\"><span>Read Article<\/span><span class=\"screen-reader-text\">  Read More<\/span><\/a><\/p>\n","protected":false},"author":1,"featured_media":0,"parent":0,"menu_order":0,"comment_status":"closed","ping_status":"closed","template":"","meta":{"footnotes":""},"class_list":["post-2","page","type-page","status-publish","hentry"],"_links":{"self":[{"href":"https:\/\/hetcoachgesprek.nl\/index.php?rest_route=\/wp\/v2\/pages\/2","targetHints":{"allow":["GET"]}}],"collection":[{"href":"https:\/\/hetcoachgesprek.nl\/index.php?rest_route=\/wp\/v2\/pages"}],"about":[{"href":"https:\/\/hetcoachgesprek.nl\/index.php?rest_route=\/wp\/v2\/types\/page"}],"author":[{"embeddable":true,"href":"https:\/\/hetcoachgesprek.nl\/index.php?rest_route=\/wp\/v2\/users\/1"}],"replies":[{"embeddable":true,"href":"https:\/\/hetcoachgesprek.nl\/index.php?rest_route=%2Fwp%2Fv2%2Fcomments&post=2"}],"version-history":[{"count":57,"href":"https:\/\/hetcoachgesprek.nl\/index.php?rest_route=\/wp\/v2\/pages\/2\/revisions"}],"predecessor-version":[{"id":507,"href":"https:\/\/hetcoachgesprek.nl\/index.php?rest_route=\/wp\/v2\/pages\/2\/revisions\/507"}],"wp:attachment":[{"href":"https:\/\/hetcoachgesprek.nl\/index.php?rest_route=%2Fwp%2Fv2%2Fmedia&parent=2"}],"curies":[{"name":"wp","href":"https:\/\/api.w.org\/{rel}","templated":true}]}}